{"id":419,"date":"2024-03-08T11:06:39","date_gmt":"2024-03-08T11:06:39","guid":{"rendered":"http:\/\/track4science.de\/?page_id=419"},"modified":"2024-04-09T11:43:48","modified_gmt":"2024-04-09T11:43:48","slug":"wir","status":"publish","type":"page","link":"https:\/\/track4science.de\/en\/wir\/","title":{"rendered":"About us"},"content":{"rendered":"<div data-elementor-type=\"wp-page\" data-elementor-id=\"419\" class=\"elementor elementor-419\" data-elementor-post-type=\"page\">\n\t\t\t\t\t\t<section class=\"elementor-section elementor-top-section elementor-element elementor-element-2665a52a elementor-section-boxed elementor-section-height-default elementor-section-height-default\" data-id=\"2665a52a\" data-element_type=\"section\" data-settings=\"{&quot;background_background&quot;:&quot;classic&quot;}\">\n\t\t\t\t\t\t<div class=\"elementor-container elementor-column-gap-default\">\n\t\t\t\t\t<div class=\"elementor-column elementor-col-100 elementor-top-column elementor-element elementor-element-ff733cd\" data-id=\"ff733cd\" data-element_type=\"column\">\n\t\t\t<div class=\"elementor-widget-wrap elementor-element-populated\">\n\t\t\t\t\t\t<div class=\"elementor-element elementor-element-3f2e3ac elementor-widget elementor-widget-text-editor\" data-id=\"3f2e3ac\" data-element_type=\"widget\" data-widget_type=\"text-editor.default\">\n\t\t\t\t<div class=\"elementor-widget-container\">\n\t\t\t\t\t\t\t\t\t<p>The <a href=\"https:\/\/ferdinand-steinbeis-institut.de\/\"><strong>Ferdinand-Steinbeis-Institute<\/strong><\/a> is a research institute on the Bildungscampus Heilbronn and researches digital value creation potentials for business and society in comprehensive ecosystems based on internet-based networking, data sharing and open standards. The FSTI is responsible for the overall project management and is in charge of data protection and participant management.<\/p>\t\t\t\t\t\t\t\t<\/div>\n\t\t\t\t<\/div>\n\t\t\t\t<div class=\"elementor-element elementor-element-c14cbbc elementor-widget elementor-widget-image\" data-id=\"c14cbbc\" data-element_type=\"widget\" data-widget_type=\"image.default\">\n\t\t\t\t<div class=\"elementor-widget-container\">\n\t\t\t\t\t\t\t\t\t\t\t\t\t\t\t<img decoding=\"async\" width=\"150\" height=\"55\" src=\"https:\/\/track4science.de\/wp-content\/uploads\/2024\/04\/FSTI_Logo_150x55.png\" class=\"attachment-full size-full wp-image-810\" alt=\"\" \/>\t\t\t\t\t\t\t\t\t\t\t\t\t\t\t<\/div>\n\t\t\t\t<\/div>\n\t\t\t\t<div class=\"elementor-element elementor-element-3682910 elementor-widget-divider--view-line elementor-widget elementor-widget-divider\" data-id=\"3682910\" data-element_type=\"widget\" data-widget_type=\"divider.default\">\n\t\t\t\t<div class=\"elementor-widget-container\">\n\t\t\t\t\t\t\t<div class=\"elementor-divider\">\n\t\t\t<span class=\"elementor-divider-separator\">\n\t\t\t\t\t\t<\/span>\n\t\t<\/div>\n\t\t\t\t\t\t<\/div>\n\t\t\t\t<\/div>\n\t\t\t\t<div class=\"elementor-element elementor-element-f609105 elementor-widget elementor-widget-text-editor\" data-id=\"f609105\" data-element_type=\"widget\" data-widget_type=\"text-editor.default\">\n\t\t\t\t<div class=\"elementor-widget-container\">\n\t\t\t\t\t\t\t\t\t<p><a href=\"https:\/\/www.msl.mgt.tum.de\/marketing\/team\/christoph-ungemach\/\"><strong>Prof. Christoph Ungemach <\/strong><\/a>, Professor of Marketing at the TUM School of Management and Research Affiliate at Columbia University's Center for Research on Environmental Decisions, is one of the leading experts in the field of behavioral adaptation through adjustments to choice architecture.<\/p>\t\t\t\t\t\t\t\t<\/div>\n\t\t\t\t<\/div>\n\t\t\t\t<div class=\"elementor-element elementor-element-092028b elementor-widget elementor-widget-image\" data-id=\"092028b\" data-element_type=\"widget\" data-widget_type=\"image.default\">\n\t\t\t\t<div class=\"elementor-widget-container\">\n\t\t\t\t\t\t\t\t\t\t\t\t\t\t\t<img decoding=\"async\" width=\"150\" height=\"79\" src=\"https:\/\/track4science.de\/wp-content\/uploads\/2024\/04\/TUM_Logo_150x80.png\" class=\"attachment-full size-full wp-image-811\" alt=\"\" \/>\t\t\t\t\t\t\t\t\t\t\t\t\t\t\t<\/div>\n\t\t\t\t<\/div>\n\t\t\t\t<div class=\"elementor-element elementor-element-f382186 elementor-widget-divider--view-line elementor-widget elementor-widget-divider\" data-id=\"f382186\" data-element_type=\"widget\" data-widget_type=\"divider.default\">\n\t\t\t\t<div class=\"elementor-widget-container\">\n\t\t\t\t\t\t\t<div class=\"elementor-divider\">\n\t\t\t<span class=\"elementor-divider-separator\">\n\t\t\t\t\t\t<\/span>\n\t\t<\/div>\n\t\t\t\t\t\t<\/div>\n\t\t\t\t<\/div>\n\t\t\t\t<div class=\"elementor-element elementor-element-c04e3f2 elementor-widget elementor-widget-text-editor\" data-id=\"c04e3f2\" data-element_type=\"widget\" data-widget_type=\"text-editor.default\">\n\t\t\t\t<div class=\"elementor-widget-container\">\n\t\t\t\t\t\t\t\t\t<p>The <a href=\"https:\/\/www.kanzlei-votteler.eu\/\"><strong>Law firm Dr Moritz Votteler<\/strong> <\/a>supports us in all data protection issues.  Dr. Votteler is an expert in data protection and information technology law and regularly participates as an expert in scientific research projects.<\/p>\t\t\t\t\t\t\t\t<\/div>\n\t\t\t\t<\/div>\n\t\t\t\t<div class=\"elementor-element elementor-element-827fcf4 elementor-widget-divider--view-line elementor-widget elementor-widget-divider\" data-id=\"827fcf4\" data-element_type=\"widget\" data-widget_type=\"divider.default\">\n\t\t\t\t<div class=\"elementor-widget-container\">\n\t\t\t\t\t\t\t<div class=\"elementor-divider\">\n\t\t\t<span class=\"elementor-divider-separator\">\n\t\t\t\t\t\t<\/span>\n\t\t<\/div>\n\t\t\t\t\t\t<\/div>\n\t\t\t\t<\/div>\n\t\t\t\t\t<\/div>\n\t\t<\/div>\n\t\t\t\t\t<\/div>\n\t\t<\/section>\n\t\t\t\t<\/div>","protected":false},"excerpt":{"rendered":"<p>Das Ferdinand-Steinbeis-Institut (FSTI) ist ein Forschungsinstitut auf dem Bildungscampus Heilbronn und erforscht digitale Wertsch\u00f6pfungspotentiale f\u00fcr Wirtschaft und Gesellschaft in \u00fcbergreifenden \u00d6kosystemen auf Grundlage internetbasierter Vernetzung, Datenfreigabe und offener Standards. Das FSTI \u00fcbernimmt die Gesamtprojektleitung und ist federf\u00fchrend f\u00fcr die Wahrung des Datenschutzes und das Teilnehmermanagement verantwortlich. Prof. Christoph Ungemach ist als Professor f\u00fcr Marketing an [&hellip;]<\/p>","protected":false},"author":2,"featured_media":0,"parent":0,"menu_order":0,"comment_status":"closed","ping_status":"closed","template":"","meta":{"iawp_total_views":100,"footnotes":""},"class_list":["post-419","page","type-page","status-publish","hentry"],"_links":{"self":[{"href":"https:\/\/track4science.de\/en\/wp-json\/wp\/v2\/pages\/419","targetHints":{"allow":["GET"]}}],"collection":[{"href":"https:\/\/track4science.de\/en\/wp-json\/wp\/v2\/pages"}],"about":[{"href":"https:\/\/track4science.de\/en\/wp-json\/wp\/v2\/types\/page"}],"author":[{"embeddable":true,"href":"https:\/\/track4science.de\/en\/wp-json\/wp\/v2\/users\/2"}],"replies":[{"embeddable":true,"href":"https:\/\/track4science.de\/en\/wp-json\/wp\/v2\/comments?post=419"}],"version-history":[{"count":21,"href":"https:\/\/track4science.de\/en\/wp-json\/wp\/v2\/pages\/419\/revisions"}],"predecessor-version":[{"id":916,"href":"https:\/\/track4science.de\/en\/wp-json\/wp\/v2\/pages\/419\/revisions\/916"}],"wp:attachment":[{"href":"https:\/\/track4science.de\/en\/wp-json\/wp\/v2\/media?parent=419"}],"curies":[{"name":"wp","href":"https:\/\/api.w.org\/{rel}","templated":true}]}}