{"id":395,"date":"2024-03-07T13:20:44","date_gmt":"2024-03-07T13:20:44","guid":{"rendered":"http:\/\/track4science.de\/?page_id=395"},"modified":"2024-04-09T11:41:37","modified_gmt":"2024-04-09T11:41:37","slug":"datenzugang","status":"publish","type":"page","link":"https:\/\/track4science.de\/en\/datenzugang\/","title":{"rendered":"Data Access"},"content":{"rendered":"<div data-elementor-type=\"wp-page\" data-elementor-id=\"395\" class=\"elementor elementor-395\" data-elementor-post-type=\"page\">\n\t\t\t\t\t\t<section class=\"elementor-section elementor-top-section elementor-element elementor-element-77ce2373 elementor-section-boxed elementor-section-height-default elementor-section-height-default\" data-id=\"77ce2373\" data-element_type=\"section\" data-settings=\"{&quot;background_background&quot;:&quot;classic&quot;}\">\n\t\t\t\t\t\t<div class=\"elementor-container elementor-column-gap-default\">\n\t\t\t\t\t<div class=\"elementor-column elementor-col-100 elementor-top-column elementor-element elementor-element-34b3c89c\" data-id=\"34b3c89c\" data-element_type=\"column\">\n\t\t\t<div class=\"elementor-widget-wrap elementor-element-populated\">\n\t\t\t\t\t\t<div class=\"elementor-element elementor-element-1f177507 elementor-widget elementor-widget-text-editor\" data-id=\"1f177507\" data-element_type=\"widget\" data-widget_type=\"text-editor.default\">\n\t\t\t\t<div class=\"elementor-widget-container\">\n\t\t\t\t\t\t\t\t\t<p><strong>Using data for research<\/strong><\/p><p>We gladly offer our data to be used for student research projects or theses. We are happy to provide an anonymized excerpt of our data collection for research purposes. Talk to us and tell us about your project: <a href=\"mailto:info@track4science.de\">info@track4science.de<\/a><\/p><p>\u00a0<\/p><p><strong>Extract of your personal data<\/strong><\/p><p>To request information, please send an email with the subject \"Information request track4science\", stating the email address you used to register in the app, to <a href=\"mailto:datenschutz@track4science.de\">datenschutz@track4science.de<\/a><\/p>\t\t\t\t\t\t\t\t<\/div>\n\t\t\t\t<\/div>\n\t\t\t\t<div class=\"elementor-element elementor-element-2049dde7 elementor-widget-divider--view-line elementor-widget elementor-widget-divider\" data-id=\"2049dde7\" data-element_type=\"widget\" data-settings=\"{&quot;motion_fx_motion_fx_scrolling&quot;:&quot;yes&quot;,&quot;motion_fx_translateX_effect&quot;:&quot;yes&quot;,&quot;motion_fx_translateX_speed&quot;:{&quot;unit&quot;:&quot;px&quot;,&quot;size&quot;:4,&quot;sizes&quot;:[]},&quot;motion_fx_translateX_affectedRange&quot;:{&quot;unit&quot;:&quot;%&quot;,&quot;size&quot;:&quot;&quot;,&quot;sizes&quot;:{&quot;start&quot;:0,&quot;end&quot;:100}},&quot;motion_fx_translateX_direction&quot;:&quot;negative&quot;,&quot;motion_fx_devices&quot;:[&quot;desktop&quot;,&quot;tablet&quot;,&quot;mobile&quot;]}\" data-widget_type=\"divider.default\">\n\t\t\t\t<div class=\"elementor-widget-container\">\n\t\t\t\t\t\t\t<div class=\"elementor-divider\">\n\t\t\t<span class=\"elementor-divider-separator\">\n\t\t\t\t\t\t<\/span>\n\t\t<\/div>\n\t\t\t\t\t\t<\/div>\n\t\t\t\t<\/div>\n\t\t\t\t<div class=\"elementor-element elementor-element-6b6ed891 elementor-widget elementor-widget-spacer\" data-id=\"6b6ed891\" data-element_type=\"widget\" data-widget_type=\"spacer.default\">\n\t\t\t\t<div class=\"elementor-widget-container\">\n\t\t\t\t\t\t\t<div class=\"elementor-spacer\">\n\t\t\t<div class=\"elementor-spacer-inner\"><\/div>\n\t\t<\/div>\n\t\t\t\t\t\t<\/div>\n\t\t\t\t<\/div>\n\t\t\t\t\t<\/div>\n\t\t<\/div>\n\t\t\t\t\t<\/div>\n\t\t<\/section>\n\t\t\t\t<\/div>","protected":false},"excerpt":{"rendered":"<p>Daten f\u00fcr die Forschung nutzen Wir freuen uns dar\u00fcber, wenn unsere Daten f\u00fcr Studien- oder Abschlussarbeiten genutzt werden. Wir stellen gerne einen anonymisierten Auszug unserer Datenerhebung f\u00fcr Forschungszecke zur Verf\u00fcgung. Sprich uns an und erz\u00e4hle uns von deinem Vorhaben: info@track4science.de Auszug deiner personenbezogenen Daten F\u00fcr ein Auskunftsbegehren richtest du bitte eine Mail mit dem Betreff [&hellip;]<\/p>","protected":false},"author":2,"featured_media":0,"parent":0,"menu_order":0,"comment_status":"closed","ping_status":"closed","template":"","meta":{"iawp_total_views":122,"footnotes":""},"class_list":["post-395","page","type-page","status-publish","hentry"],"_links":{"self":[{"href":"https:\/\/track4science.de\/en\/wp-json\/wp\/v2\/pages\/395","targetHints":{"allow":["GET"]}}],"collection":[{"href":"https:\/\/track4science.de\/en\/wp-json\/wp\/v2\/pages"}],"about":[{"href":"https:\/\/track4science.de\/en\/wp-json\/wp\/v2\/types\/page"}],"author":[{"embeddable":true,"href":"https:\/\/track4science.de\/en\/wp-json\/wp\/v2\/users\/2"}],"replies":[{"embeddable":true,"href":"https:\/\/track4science.de\/en\/wp-json\/wp\/v2\/comments?post=395"}],"version-history":[{"count":18,"href":"https:\/\/track4science.de\/en\/wp-json\/wp\/v2\/pages\/395\/revisions"}],"predecessor-version":[{"id":850,"href":"https:\/\/track4science.de\/en\/wp-json\/wp\/v2\/pages\/395\/revisions\/850"}],"wp:attachment":[{"href":"https:\/\/track4science.de\/en\/wp-json\/wp\/v2\/media?parent=395"}],"curies":[{"name":"wp","href":"https:\/\/api.w.org\/{rel}","templated":true}]}}