{"id":3,"date":"2024-01-23T17:57:05","date_gmt":"2024-01-23T17:57:05","guid":{"rendered":"http:\/\/track4science.de\/?page_id=3"},"modified":"2024-04-09T13:42:48","modified_gmt":"2024-04-09T13:42:48","slug":"impressum","status":"publish","type":"page","link":"https:\/\/track4science.de\/en\/impressum\/","title":{"rendered":"Imprint"},"content":{"rendered":"<div data-elementor-type=\"wp-page\" data-elementor-id=\"3\" class=\"elementor elementor-3\" data-elementor-post-type=\"page\">\n\t\t\t\t<div class=\"elementor-element elementor-element-4658ae5e e-flex e-con-boxed e-con e-parent\" data-id=\"4658ae5e\" data-element_type=\"container\">\n\t\t\t\t\t<div class=\"e-con-inner\">\n\t\t\t\t<div class=\"elementor-element elementor-element-89a895e elementor-widget elementor-widget-spacer\" data-id=\"89a895e\" data-element_type=\"widget\" data-widget_type=\"spacer.default\">\n\t\t\t\t<div class=\"elementor-widget-container\">\n\t\t\t\t\t\t\t<div class=\"elementor-spacer\">\n\t\t\t<div class=\"elementor-spacer-inner\"><\/div>\n\t\t<\/div>\n\t\t\t\t\t\t<\/div>\n\t\t\t\t<\/div>\n\t\t\t\t<div class=\"elementor-element elementor-element-17219ad0 elementor-widget elementor-widget-text-editor\" data-id=\"17219ad0\" data-element_type=\"widget\" data-widget_type=\"text-editor.default\">\n\t\t\t\t<div class=\"elementor-widget-container\">\n\t\t\t\t\t\t\t\t\t<div id=\"tm-heading-6614c780eb897\" class=\"tm-heading  left tm-animation move-up\">\n<div class=\"heading\">Ferdinand-Steinbeis-Gesellschaft f\u00fcr transferorientierte Forschung gGmbH der Steinbeis-Stiftung (FSG)<br \/>Filderhauptstra\u00dfe 142<br \/>70599 Stuttgart<br \/>Deutschland<\/div>\n<\/div>\n<div id=\"tm-spacer-6614c780ec12a\" class=\"tm-spacer\">\u00a0<\/div>\n<div id=\"tm-heading-6614c780ed65f\" class=\"tm-heading  left tm-animation move-up\">\n<div class=\"heading\">Tel.: <a href=\"tel: 4971313824808\" target=\"_blank\" rel=\"noopener\">+497131-3824808<\/a><br \/>E-Mail: <a href=\"mailto:info@ferdinand-steinbeis-institut.de\">info@ferdinand-steinbeis-institut.de<\/a><\/div>\n<\/div>\n<div id=\"tm-spacer-6614c780ede8b\" class=\"tm-spacer\">\u00a0<\/div>\n<div id=\"tm-heading-6614c780ef407\" class=\"tm-heading  left tm-animation move-up\">\n<div class=\"heading\">Umsatzsteuer-Identifikationsnummer gem\u00e4\u00df \u00a7 27 a Umsatzsteuergesetz: DE327013299<\/div>\n<\/div>\n<div id=\"tm-spacer-6614c780efc25\" class=\"tm-spacer\">\u00a0<\/div>\n<div id=\"tm-heading-6614c780f1199\" class=\"tm-heading  left tm-animation move-up\">\n<div class=\"heading\">Aus Gr\u00fcnden der besseren Lesbarkeit verwenden wir die m\u00e4nnliche Form. Wir meinen immer alle Geschlechter im Sinne der Gleichbehandlung.<\/div>\n<\/div>\n<div id=\"tm-spacer-6614c780f19e3\" class=\"tm-spacer\">\u00a0<\/div>\n<div id=\"tm-heading-6614c780f1f6e\" class=\"tm-heading  left tm-animation move-up\">\n<div class=\"heading\">Plattform der EU-Kommission zur Online-Streitbeilegung: https:\/\/ec.europa.eu\/odr<\/div>\n<\/div>\n<div id=\"tm-spacer-6614c780f37fa\" class=\"tm-spacer\">\u00a0<\/div>\n<div id=\"tm-heading-6614c780f3d72\" class=\"tm-heading  left tm-animation move-up\">\n<div class=\"heading\">Wir sind zur Teilnahme an einem Streitbeilegungsverfahren vor einer Verbraucherschlichtungsstelle weder verpflichtet noch bereit.<\/div>\n<\/div>\n<div id=\"tm-spacer-6614c78101438\" class=\"tm-spacer\">\u00a0<\/div>\n<div id=\"tm-heading-6614c78101a14\" class=\"tm-heading  left tm-animation move-up\">\n<div class=\"heading\">Gesch\u00e4ftsf\u00fchrer: Prof. Dr. Heiner Lasi, Michael K\u00f6hnlein<\/div>\n<\/div>\n<div id=\"tm-spacer-6614c7810342a\" class=\"tm-spacer\">\u00a0<\/div>\n<div id=\"tm-heading-6614c781039d0\" class=\"tm-heading  left tm-animation move-up\">\n<div class=\"heading\">Amtsgericht Stuttgart, HRB 771082<\/div>\n<\/div>\t\t\t\t\t\t\t\t<\/div>\n\t\t\t\t<\/div>\n\t\t\t\t\t<\/div>\n\t\t\t\t<\/div>\n\t\t\t\t<\/div>","protected":false},"excerpt":{"rendered":"<p>Ferdinand-Steinbeis-Gesellschaft f\u00fcr transferorientierte Forschung gGmbH der Steinbeis-Stiftung (FSG)Filderhauptstra\u00dfe 14270599 StuttgartDeutschland \u00a0 Tel.: +497131-3824808E-Mail: info@ferdinand-steinbeis-institut.de \u00a0 Umsatzsteuer-Identifikationsnummer gem\u00e4\u00df \u00a7 27 a Umsatzsteuergesetz: DE327013299 \u00a0 Aus Gr\u00fcnden der besseren Lesbarkeit verwenden wir die m\u00e4nnliche Form. Wir meinen immer alle Geschlechter im Sinne der Gleichbehandlung. \u00a0 Plattform der EU-Kommission zur Online-Streitbeilegung: https:\/\/ec.europa.eu\/odr \u00a0 Wir sind zur Teilnahme an [&hellip;]<\/p>","protected":false},"author":1,"featured_media":0,"parent":0,"menu_order":0,"comment_status":"closed","ping_status":"open","template":"","meta":{"iawp_total_views":116,"footnotes":""},"class_list":["post-3","page","type-page","status-publish","hentry"],"_links":{"self":[{"href":"https:\/\/track4science.de\/en\/wp-json\/wp\/v2\/pages\/3","targetHints":{"allow":["GET"]}}],"collection":[{"href":"https:\/\/track4science.de\/en\/wp-json\/wp\/v2\/pages"}],"about":[{"href":"https:\/\/track4science.de\/en\/wp-json\/wp\/v2\/types\/page"}],"author":[{"embeddable":true,"href":"https:\/\/track4science.de\/en\/wp-json\/wp\/v2\/users\/1"}],"replies":[{"embeddable":true,"href":"https:\/\/track4science.de\/en\/wp-json\/wp\/v2\/comments?post=3"}],"version-history":[{"count":7,"href":"https:\/\/track4science.de\/en\/wp-json\/wp\/v2\/pages\/3\/revisions"}],"predecessor-version":[{"id":871,"href":"https:\/\/track4science.de\/en\/wp-json\/wp\/v2\/pages\/3\/revisions\/871"}],"wp:attachment":[{"href":"https:\/\/track4science.de\/en\/wp-json\/wp\/v2\/media?parent=3"}],"curies":[{"name":"wp","href":"https:\/\/api.w.org\/{rel}","templated":true}]}}