{"id":103,"date":"2024-01-31T13:55:28","date_gmt":"2024-01-31T13:55:28","guid":{"rendered":"https:\/\/track4science.de\/?page_id=103"},"modified":"2025-03-31T09:11:32","modified_gmt":"2025-03-31T09:11:32","slug":"gewinnspiele","status":"publish","type":"page","link":"https:\/\/track4science.de\/en\/gewinnspiele\/","title":{"rendered":"Lotteries"},"content":{"rendered":"<div data-elementor-type=\"wp-page\" data-elementor-id=\"103\" class=\"elementor elementor-103\" data-elementor-post-type=\"page\">\n\t\t\t\t<div class=\"elementor-element elementor-element-aa1f826 e-flex e-con-boxed e-con e-parent\" data-id=\"aa1f826\" data-element_type=\"container\">\n\t\t\t\t\t<div class=\"e-con-inner\">\n\t\t\t\t<div class=\"elementor-element elementor-element-c22a4e9 elementor-widget elementor-widget-html\" data-id=\"c22a4e9\" data-element_type=\"widget\" data-widget_type=\"html.default\">\n\t\t\t\t<div class=\"elementor-widget-container\">\n\t\t\t\t\t<div style=\"position: relative; background-color: #ffffff; padding: 20px; text-align: center; overflow: hidden; height: 50px; width: 100%;\">\r\n    <div style=\"display: flex; white-space: nowrap; position: absolute; animation: lauftext 15s linear infinite;\">\r\n        <p style=\"color: #333; font-size: 20px; line-height: 20px; margin: 0 2em;\">\r\nGewinner Gewinnspiel: Wir gratulieren allen Gewinnern! Deine Mobilit\u00e4t z\u00e4hlt\r\n        <\/p>\r\n        \r\n    <\/div>\r\n<\/div>\r\n\r\n<style>\r\n    @keyframes lauftext {\r\n        from {\r\n            transform: translateX(115%);\r\n        }\r\n        to {\r\n            transform: translateX(-100%);\r\n        }\r\n    }\r\n<\/style>\r\n\t\t\t\t<\/div>\n\t\t\t\t<\/div>\n\t\t\t\t\t<\/div>\n\t\t\t\t<\/div>\n\t\t\t\t<section class=\"elementor-section elementor-top-section elementor-element elementor-element-1d241160 elementor-section-boxed elementor-section-height-default elementor-section-height-default\" data-id=\"1d241160\" data-element_type=\"section\" data-settings=\"{&quot;background_background&quot;:&quot;classic&quot;}\">\n\t\t\t\t\t\t<div class=\"elementor-container elementor-column-gap-default\">\n\t\t\t\t\t<div class=\"elementor-column elementor-col-100 elementor-top-column elementor-element elementor-element-14840305\" data-id=\"14840305\" data-element_type=\"column\">\n\t\t\t<div class=\"elementor-widget-wrap elementor-element-populated\">\n\t\t\t\t\t\t<div class=\"elementor-element elementor-element-6358c7e elementor-widget elementor-widget-heading\" data-id=\"6358c7e\" data-element_type=\"widget\" data-widget_type=\"heading.default\">\n\t\t\t\t<div class=\"elementor-widget-container\">\n\t\t\t\t\t<h2 class=\"elementor-heading-title elementor-size-default\">Win great prizes!<\/h2>\t\t\t\t<\/div>\n\t\t\t\t<\/div>\n\t\t\t\t<div class=\"elementor-element elementor-element-2c6bfbe8 elementor-widget-divider--view-line elementor-widget elementor-widget-divider\" data-id=\"2c6bfbe8\" data-element_type=\"widget\" data-settings=\"{&quot;motion_fx_motion_fx_scrolling&quot;:&quot;yes&quot;,&quot;motion_fx_translateX_effect&quot;:&quot;yes&quot;,&quot;motion_fx_translateX_speed&quot;:{&quot;unit&quot;:&quot;px&quot;,&quot;size&quot;:4,&quot;sizes&quot;:[]},&quot;motion_fx_translateX_affectedRange&quot;:{&quot;unit&quot;:&quot;%&quot;,&quot;size&quot;:&quot;&quot;,&quot;sizes&quot;:{&quot;start&quot;:0,&quot;end&quot;:100}},&quot;motion_fx_devices&quot;:[&quot;desktop&quot;,&quot;tablet&quot;,&quot;mobile&quot;]}\" data-widget_type=\"divider.default\">\n\t\t\t\t<div class=\"elementor-widget-container\">\n\t\t\t\t\t\t\t<div class=\"elementor-divider\">\n\t\t\t<span class=\"elementor-divider-separator\">\n\t\t\t\t\t\t<\/span>\n\t\t<\/div>\n\t\t\t\t\t\t<\/div>\n\t\t\t\t<\/div>\n\t\t\t\t<div class=\"elementor-element elementor-element-4c150be elementor-widget elementor-widget-text-editor\" data-id=\"4c150be\" data-element_type=\"widget\" data-widget_type=\"text-editor.default\">\n\t\t\t\t<div class=\"elementor-widget-container\">\n\t\t\t\t\t\t\t\t\t<p>Do you not only want to help shape the future of mobility, but also have the chance to win great prizes? Then take part in our monthly track4science prize draw!<\/p><p>Every month we give away 12 prizes worth \u20ac35 each - you can choose between a voucher and a CO2 compensation!<\/p><p>Deine Teilnahme ist denkbar einfach: Erfasse einfach deine Mobilit\u00e4tsdaten \u00fcber die App, stimme der Teilnahme an Gewinnspielen zu und nehme an den gelegentlichen Umfragen teil, um deine Gewinnchancen zu erh\u00f6hen. Pro aufgezeichnetem Track erh\u00e4ltst Du ein Los f\u00fcr das monatliche Gewinnspiel.<\/p><p>Die gl\u00fccklichen Gewinner werden per E-Mail benachrichtigt und auch auf unserer Website ver\u00f6ffentlicht, damit alle sehen k\u00f6nnen, wer das Gl\u00fcck auf seiner Seite hat.<\/p><p>Taking part in the lottery is easy: everyone who has agreed to take part in the lottery in the app is automatically entered.<\/p><p>So what are you waiting for? Support research, help shape the future of mobility and have the chance to win one of our great prizes at the same time!<\/p><p>The lottery complies with all legal requirements and data protection guidelines. The participant data will be used exclusively for the competition and will not be passed on. Further information can be found <a href=\"http:\/\/track4science.de\/wp-content\/uploads\/2024\/03\/Teilnahmebedingungen-Verlosung-track4science.pdf\">here.<\/a>.<\/p>\t\t\t\t\t\t\t\t<\/div>\n\t\t\t\t<\/div>\n\t\t\t\t<div class=\"elementor-element elementor-element-012471a elementor-widget elementor-widget-image\" data-id=\"012471a\" data-element_type=\"widget\" data-widget_type=\"image.default\">\n\t\t\t\t<div class=\"elementor-widget-container\">\n\t\t\t\t\t\t\t\t\t\t\t\t\t\t\t<img fetchpriority=\"high\" decoding=\"async\" width=\"768\" height=\"768\" src=\"https:\/\/track4science.de\/wp-content\/uploads\/2024\/03\/t4s_bild_home-e1712566968700-768x768.png\" class=\"attachment-medium_large size-medium_large wp-image-514\" alt=\"\" srcset=\"https:\/\/track4science.de\/wp-content\/uploads\/2024\/03\/t4s_bild_home-e1712566968700-768x768.png 768w, https:\/\/track4science.de\/wp-content\/uploads\/2024\/03\/t4s_bild_home-e1712566968700-300x300.png 300w, https:\/\/track4science.de\/wp-content\/uploads\/2024\/03\/t4s_bild_home-e1712566968700-150x150.png 150w, https:\/\/track4science.de\/wp-content\/uploads\/2024\/03\/t4s_bild_home-e1712566968700.png 1023w\" sizes=\"(max-width: 768px) 100vw, 768px\" \/>\t\t\t\t\t\t\t\t\t\t\t\t\t\t\t<\/div>\n\t\t\t\t<\/div>\n\t\t\t\t<div class=\"elementor-element elementor-element-9febc07 elementor-widget elementor-widget-heading\" data-id=\"9febc07\" data-element_type=\"widget\" data-widget_type=\"heading.default\">\n\t\t\t\t<div class=\"elementor-widget-container\">\n\t\t\t\t\t<div class=\"elementor-heading-title elementor-size-default\"><a href=\"http:\/\/track4science.de\/wp-content\/uploads\/2024\/03\/Teilnahmebedingungen-Verlosung-track4science.pdf\" target=\"_blank\">Detailed conditions for participation here<\/a><\/div>\t\t\t\t<\/div>\n\t\t\t\t<\/div>\n\t\t\t\t\t<\/div>\n\t\t<\/div>\n\t\t\t\t\t<\/div>\n\t\t<\/section>\n\t\t\t\t<\/div>","protected":false},"excerpt":{"rendered":"<p>Gewinner Gewinnspiel: Wir gratulieren allen Gewinnern! Deine Mobilit\u00e4t z\u00e4hlt Gewinne tolle Preise! Du willst nicht nur die Zukunft der Mobilit\u00e4t mitgestalten, sondern auch die Chance haben, tolle Preise zu gewinnen? Dann mach mit bei unserem monatlichen Gewinnspiel von track4science! Jeden Monat verlosen wir 12 Preise im Wert von je 35 \u20ac \u2013 du selbst entscheidest [&hellip;]<\/p>","protected":false},"author":2,"featured_media":0,"parent":0,"menu_order":0,"comment_status":"closed","ping_status":"closed","template":"","meta":{"iawp_total_views":395,"footnotes":""},"class_list":["post-103","page","type-page","status-publish","hentry"],"_links":{"self":[{"href":"https:\/\/track4science.de\/en\/wp-json\/wp\/v2\/pages\/103","targetHints":{"allow":["GET"]}}],"collection":[{"href":"https:\/\/track4science.de\/en\/wp-json\/wp\/v2\/pages"}],"about":[{"href":"https:\/\/track4science.de\/en\/wp-json\/wp\/v2\/types\/page"}],"author":[{"embeddable":true,"href":"https:\/\/track4science.de\/en\/wp-json\/wp\/v2\/users\/2"}],"replies":[{"embeddable":true,"href":"https:\/\/track4science.de\/en\/wp-json\/wp\/v2\/comments?post=103"}],"version-history":[{"count":81,"href":"https:\/\/track4science.de\/en\/wp-json\/wp\/v2\/pages\/103\/revisions"}],"predecessor-version":[{"id":1833,"href":"https:\/\/track4science.de\/en\/wp-json\/wp\/v2\/pages\/103\/revisions\/1833"}],"wp:attachment":[{"href":"https:\/\/track4science.de\/en\/wp-json\/wp\/v2\/media?parent=103"}],"curies":[{"name":"wp","href":"https:\/\/api.w.org\/{rel}","templated":true}]}}